{"id":424,"date":"2025-10-02T20:49:54","date_gmt":"2025-10-02T20:49:54","guid":{"rendered":"https:\/\/conseilconjugal.es\/?page_id=424"},"modified":"2025-10-05T19:49:05","modified_gmt":"2025-10-05T19:49:05","slug":"contact-et-arifs","status":"publish","type":"page","link":"https:\/\/conseilconjugal.es\/?page_id=424","title":{"rendered":"Modalit\u00e9s et tarifs"},"content":{"rendered":"\n<figure class=\"wp-block-image alignwide size-full\" style=\"margin-top:var(--wp--preset--spacing--40);margin-bottom:var(--wp--preset--spacing--40)\"><img decoding=\"async\" src=\"https:\/\/conseilconjugal.es\/wp-content\/uploads\/2025\/10\/Bandeau_Header_Transparent-Bleu.png\" alt=\"\" class=\"wp-image-506\"\/><\/figure>\n\n\n\n<h1 class=\"wp-block-heading has-text-align-center\"><strong>Modalit\u00e9s et Tarifs<\/strong><\/h1>\n\n\n\n<p>En pr\u00e9sentiel dans mon cabinet \u00e0 Barcelone ou en visio conf\u00e9rence, je peux vous accompagner localement, en France ou dans le monde.<\/p>\n\n\n\n<p>Je re\u00e7ois sur rendez-vous uniquement ; mon cabinet se situe Carrer de Vilamari, 81, L&rsquo;Eixample, \u00e0 Barcelone.<\/p>\n\n\n\n<h2 class=\"wp-block-heading\">Horaires du cabinet<\/h2>\n\n\n\n<p>Lundi, mardi et jeudi : de 8h30 \u00e0 18h<br>Mercredi et vendredi : de 8h30 \u00e0 12h30<\/p>\n\n\n\n<p>Pour toute question, et pour prendre rendez-vous, je suis joignable par t\u00e9l\u00e9phone ou par <a href=\"https:\/\/wa.me\/34670830448\">WhatsApp<\/a>: 670 830 448<\/p>\n\n\n\n<hr class=\"wp-block-separator has-text-color has-alpha-channel-opacity has-background is-style-default\" style=\"background-color:#4e8c82;color:#4e8c82\"\/>\n\n\n\n<h2 class=\"wp-block-heading\">Tarifs (incl. IVA)<\/h2>\n\n\n\n<ul class=\"wp-block-list\">\n<li>Individuel : 75\u20ac<\/li>\n\n\n\n<li>Couple et famille : 90\u20ac<\/li>\n<\/ul>\n\n\n\n<hr class=\"wp-block-separator has-text-color has-alpha-channel-opacity has-background\" style=\"background-color:#4e8c82;color:#4e8c82\"\/>\n\n\n\n<p class=\"has-text-align-center\">Claire Dubreucq-P\u00e9rus | Conseill\u00e8re Conjugale et Familiale, Th\u00e9rapie de Couple | Barcelone<\/p>\n\n\n\n<p><\/p>\n","protected":false},"excerpt":{"rendered":"<p>Modalit\u00e9s et Tarifs En pr\u00e9sentiel dans mon cabinet \u00e0 Barcelone ou en visio conf\u00e9rence, je peux vous accompagner localement, en [&hellip;]<\/p>\n","protected":false},"author":1,"featured_media":0,"parent":0,"menu_order":0,"comment_status":"closed","ping_status":"closed","template":"","meta":{"site-sidebar-layout":"default","site-content-layout":"","ast-site-content-layout":"default","site-content-style":"default","site-sidebar-style":"default","ast-global-header-display":"","ast-banner-title-visibility":"","ast-main-header-display":"","ast-hfb-above-header-display":"","ast-hfb-below-header-display":"","ast-hfb-mobile-header-display":"","site-post-title":"disabled","ast-breadcrumbs-content":"","ast-featured-img":"","footer-sml-layout":"","theme-transparent-header-meta":"","adv-header-id-meta":"","stick-header-meta":"","header-above-stick-meta":"","header-main-stick-meta":"","header-below-stick-meta":"","astra-migrate-meta-layouts":"default","ast-page-background-enabled":"default","ast-page-background-meta":{"desktop":{"background-color":"var(--ast-global-color-5)","background-image":"","background-repeat":"repeat","background-position":"center center","background-size":"auto","background-attachment":"scroll","background-type":"","background-media":"","overlay-type":"","overlay-color":"","overlay-opacity":"","overlay-gradient":""},"tablet":{"background-color":"","background-image":"","background-repeat":"repeat","background-position":"center center","background-size":"auto","background-attachment":"scroll","background-type":"","background-media":"","overlay-type":"","overlay-color":"","overlay-opacity":"","overlay-gradient":""},"mobile":{"background-color":"","background-image":"","background-repeat":"repeat","background-position":"center center","background-size":"auto","background-attachment":"scroll","background-type":"","background-media":"","overlay-type":"","overlay-color":"","overlay-opacity":"","overlay-gradient":""}},"ast-content-background-meta":{"desktop":{"background-color":"var(--ast-global-color-4)","background-image":"","background-repeat":"repeat","background-position":"center center","background-size":"auto","background-attachment":"scroll","background-type":"","background-media":"","overlay-type":"","overlay-color":"","overlay-opacity":"","overlay-gradient":""},"tablet":{"background-color":"var(--ast-global-color-4)","background-image":"","background-repeat":"repeat","background-position":"center center","background-size":"auto","background-attachment":"scroll","background-type":"","background-media":"","overlay-type":"","overlay-color":"","overlay-opacity":"","overlay-gradient":""},"mobile":{"background-color":"var(--ast-global-color-4)","background-image":"","background-repeat":"repeat","background-position":"center center","background-size":"auto","background-attachment":"scroll","background-type":"","background-media":"","overlay-type":"","overlay-color":"","overlay-opacity":"","overlay-gradient":""}},"footnotes":""},"class_list":["post-424","page","type-page","status-publish","hentry"],"_links":{"self":[{"href":"https:\/\/conseilconjugal.es\/index.php?rest_route=\/wp\/v2\/pages\/424","targetHints":{"allow":["GET"]}}],"collection":[{"href":"https:\/\/conseilconjugal.es\/index.php?rest_route=\/wp\/v2\/pages"}],"about":[{"href":"https:\/\/conseilconjugal.es\/index.php?rest_route=\/wp\/v2\/types\/page"}],"author":[{"embeddable":true,"href":"https:\/\/conseilconjugal.es\/index.php?rest_route=\/wp\/v2\/users\/1"}],"replies":[{"embeddable":true,"href":"https:\/\/conseilconjugal.es\/index.php?rest_route=%2Fwp%2Fv2%2Fcomments&post=424"}],"version-history":[{"count":10,"href":"https:\/\/conseilconjugal.es\/index.php?rest_route=\/wp\/v2\/pages\/424\/revisions"}],"predecessor-version":[{"id":508,"href":"https:\/\/conseilconjugal.es\/index.php?rest_route=\/wp\/v2\/pages\/424\/revisions\/508"}],"wp:attachment":[{"href":"https:\/\/conseilconjugal.es\/index.php?rest_route=%2Fwp%2Fv2%2Fmedia&parent=424"}],"curies":[{"name":"wp","href":"https:\/\/api.w.org\/{rel}","templated":true}]}}