{"id":262,"date":"2025-09-23T14:06:20","date_gmt":"2025-09-23T14:06:20","guid":{"rendered":"https:\/\/conseilconjugal.es\/?page_id=262"},"modified":"2025-10-05T19:49:34","modified_gmt":"2025-10-05T19:49:34","slug":"qui-suis-je-me-connaitre-conseil-conjugal-familial-therapie-couple-francais","status":"publish","type":"page","link":"https:\/\/conseilconjugal.es\/?page_id=262","title":{"rendered":"Qui suis-je | me connaitre | conseil conjugal familial therapie couple fran\u00e7ais"},"content":{"rendered":"\n<figure class=\"wp-block-image alignwide size-full wp-duotone-unset-1\" style=\"margin-top:var(--wp--preset--spacing--40);margin-bottom:var(--wp--preset--spacing--40)\"><img decoding=\"async\" src=\"https:\/\/conseilconjugal.es\/wp-content\/uploads\/2025\/10\/Bandeau_Header_Transparent-Bleu.png\" alt=\"\" class=\"wp-image-506\"\/><\/figure>\n\n\n\n<h1 class=\"wp-block-heading has-text-align-center\" style=\"margin-top:var(--wp--preset--spacing--30);margin-bottom:var(--wp--preset--spacing--40)\"><strong>Mon parcours, mes formations<\/strong><\/h1>\n\n\n\n<div class=\"wp-block-media-text is-stacked-on-mobile has-ast-global-color-4-background-color has-background\" style=\"border-style:none;border-width:0px;grid-template-columns:39% auto\"><figure class=\"wp-block-media-text__media\"><img loading=\"lazy\" decoding=\"async\" width=\"485\" height=\"720\" src=\"https:\/\/conseilconjugal.es\/wp-content\/uploads\/2025\/10\/PhotoClaire-Bureau.png\" alt=\"\" class=\"wp-image-463 size-full\" srcset=\"https:\/\/conseilconjugal.es\/wp-content\/uploads\/2025\/10\/PhotoClaire-Bureau.png 485w, https:\/\/conseilconjugal.es\/wp-content\/uploads\/2025\/10\/PhotoClaire-Bureau-202x300.png 202w\" sizes=\"auto, (max-width: 485px) 100vw, 485px\" \/><\/figure><div class=\"wp-block-media-text__content\">\n<p>Soucieuse de proposer des accompagnements de qualit\u00e9, je me forme continuellement sur les th\u00e9matiques du couple et sur des techniques  compl\u00e9mentaires.<\/p>\n\n\n\n<p>J&rsquo;ai obtenu les certifications suivantes :<\/p>\n\n\n\n<ul class=\"wp-block-list\">\n<li><strong>Conseill\u00e8re Conjugale et Familiale<\/strong>, par l\u2019Institut des Sciences de la Famille \u00e0 l&rsquo;Universit\u00e9 Catholique de Lyon (<a href=\"https:\/\/www.ucly.fr\/\" target=\"_blank\" rel=\"noreferrer noopener\">UCLY<\/a>). Cette formation est agr\u00e9\u00e9e par le minist\u00e8re fran\u00e7ais des Affaires Sociales. A ce titre je suis membre de l&rsquo;<a href=\"https:\/\/www.anccef.fr\/\" target=\"_blank\" rel=\"noreferrer noopener\">ANCCEF<\/a> (Association Nationale des Conseillers Conjugaux et Familiaux)<\/li>\n\n\n\n<li><strong>Th\u00e9rapeute de couple<\/strong>, par l&rsquo;Institut de Formation et d&rsquo;Application des Th\u00e9rapies de la Communication (<a href=\"https:\/\/www.ifatc.com\/\" target=\"_blank\" rel=\"noreferrer noopener\">IFATC<\/a>)<\/li>\n\n\n\n<li><strong>Outils et Techniques de Th\u00e9rapie Conjugale<\/strong>, par <a href=\"https:\/\/www.anoustous.com\/formation-therapie-couple\/\" target=\"_blank\" rel=\"noreferrer noopener\">Camille Rochet,psychologue<\/a><\/li>\n\n\n\n<li><strong>Praticien en PNL<\/strong>, par l&rsquo;<a href=\"https:\/\/paulpyronnetinstitut.com\/\" target=\"_blank\" rel=\"noreferrer noopener\">Institut Paul Pyronnet <\/a><\/li>\n<\/ul>\n<\/div><\/div>\n\n\n\n<p>Ancienne attach\u00e9e aux H\u00f4pitaux du L\u00e9man et au Centre Hospitalier Annecy Genevois, et adh\u00e9rente \u00e0 l&rsquo;ANCCEF, je me conforme \u00e0 la charte qui r\u00e9git la profession, et je suis ainsi supervis\u00e9e par une psychologue.<\/p>\n\n\n\n<hr class=\"wp-block-separator has-text-color has-alpha-channel-opacity has-background\" style=\"background-color:#4e8c82;color:#4e8c82\"\/>\n\n\n\n<p class=\"has-text-align-center\">Claire Dubreucq-P\u00e9rus | Conseill\u00e8re Conjugale et Familiale, Th\u00e9rapie de Couple | Barcelone<\/p>\n\n\n\n<p><\/p>\n","protected":false},"excerpt":{"rendered":"<p>Mon parcours, mes formations Ancienne attach\u00e9e aux H\u00f4pitaux du L\u00e9man et au Centre Hospitalier Annecy Genevois, et adh\u00e9rente \u00e0 l&rsquo;ANCCEF, [&hellip;]<\/p>\n","protected":false},"author":1,"featured_media":0,"parent":0,"menu_order":0,"comment_status":"closed","ping_status":"closed","template":"","meta":{"site-sidebar-layout":"default","site-content-layout":"","ast-site-content-layout":"default","site-content-style":"default","site-sidebar-style":"default","ast-global-header-display":"","ast-banner-title-visibility":"","ast-main-header-display":"","ast-hfb-above-header-display":"","ast-hfb-below-header-display":"","ast-hfb-mobile-header-display":"","site-post-title":"disabled","ast-breadcrumbs-content":"","ast-featured-img":"","footer-sml-layout":"","theme-transparent-header-meta":"","adv-header-id-meta":"","stick-header-meta":"","header-above-stick-meta":"","header-main-stick-meta":"","header-below-stick-meta":"","astra-migrate-meta-layouts":"default","ast-page-background-enabled":"default","ast-page-background-meta":{"desktop":{"background-color":"var(--ast-global-color-5)","background-image":"","background-repeat":"repeat","background-position":"center center","background-size":"auto","background-attachment":"scroll","background-type":"","background-media":"","overlay-type":"","overlay-color":"","overlay-opacity":"","overlay-gradient":""},"tablet":{"background-color":"","background-image":"","background-repeat":"repeat","background-position":"center center","background-size":"auto","background-attachment":"scroll","background-type":"","background-media":"","overlay-type":"","overlay-color":"","overlay-opacity":"","overlay-gradient":""},"mobile":{"background-color":"","background-image":"","background-repeat":"repeat","background-position":"center center","background-size":"auto","background-attachment":"scroll","background-type":"","background-media":"","overlay-type":"","overlay-color":"","overlay-opacity":"","overlay-gradient":""}},"ast-content-background-meta":{"desktop":{"background-color":"var(--ast-global-color-4)","background-image":"","background-repeat":"repeat","background-position":"center center","background-size":"auto","background-attachment":"scroll","background-type":"","background-media":"","overlay-type":"","overlay-color":"","overlay-opacity":"","overlay-gradient":""},"tablet":{"background-color":"var(--ast-global-color-4)","background-image":"","background-repeat":"repeat","background-position":"center center","background-size":"auto","background-attachment":"scroll","background-type":"","background-media":"","overlay-type":"","overlay-color":"","overlay-opacity":"","overlay-gradient":""},"mobile":{"background-color":"var(--ast-global-color-4)","background-image":"","background-repeat":"repeat","background-position":"center center","background-size":"auto","background-attachment":"scroll","background-type":"","background-media":"","overlay-type":"","overlay-color":"","overlay-opacity":"","overlay-gradient":""}},"footnotes":""},"class_list":["post-262","page","type-page","status-publish","hentry"],"_links":{"self":[{"href":"https:\/\/conseilconjugal.es\/index.php?rest_route=\/wp\/v2\/pages\/262","targetHints":{"allow":["GET"]}}],"collection":[{"href":"https:\/\/conseilconjugal.es\/index.php?rest_route=\/wp\/v2\/pages"}],"about":[{"href":"https:\/\/conseilconjugal.es\/index.php?rest_route=\/wp\/v2\/types\/page"}],"author":[{"embeddable":true,"href":"https:\/\/conseilconjugal.es\/index.php?rest_route=\/wp\/v2\/users\/1"}],"replies":[{"embeddable":true,"href":"https:\/\/conseilconjugal.es\/index.php?rest_route=%2Fwp%2Fv2%2Fcomments&post=262"}],"version-history":[{"count":31,"href":"https:\/\/conseilconjugal.es\/index.php?rest_route=\/wp\/v2\/pages\/262\/revisions"}],"predecessor-version":[{"id":510,"href":"https:\/\/conseilconjugal.es\/index.php?rest_route=\/wp\/v2\/pages\/262\/revisions\/510"}],"wp:attachment":[{"href":"https:\/\/conseilconjugal.es\/index.php?rest_route=%2Fwp%2Fv2%2Fmedia&parent=262"}],"curies":[{"name":"wp","href":"https:\/\/api.w.org\/{rel}","templated":true}]}}