{"id":18,"date":"2025-09-21T19:41:15","date_gmt":"2025-09-21T19:41:15","guid":{"rendered":"http:\/\/conseilconjugal.es\/?page_id=18"},"modified":"2025-10-05T19:48:52","modified_gmt":"2025-10-05T19:48:52","slug":"home","status":"publish","type":"page","link":"https:\/\/conseilconjugal.es\/","title":{"rendered":"Claire Dubreucq-Perus Conseil Conjugal et Familial &#8211; Th\u00e9rapie de couple"},"content":{"rendered":"\n<figure class=\"wp-block-image alignwide size-full is-style-default wp-duotone-unset-1\" style=\"margin-top:var(--wp--preset--spacing--40);margin-bottom:var(--wp--preset--spacing--40)\"><img decoding=\"async\" src=\"https:\/\/conseilconjugal.es\/wp-content\/uploads\/2025\/10\/Bandeau_Header_Transparent-Bleu.png\" alt=\"\" class=\"wp-image-506\"\/><\/figure>\n\n\n\n<h1 class=\"wp-block-heading has-text-align-center\" style=\"margin-bottom:var(--wp--preset--spacing--40)\"><strong>Besoin de consulter un professionel du couple ?<\/strong><\/h1>\n\n\n\n<p>J\u2019accompagne les couples qui traversent des tensions, des incompr\u00e9hensions ou une perte de lien.<\/p>\n\n\n\n<p>Mon r\u00f4le est de cr\u00e9er un espace d\u2019\u00e9coute et de dialogue o\u00f9 chacun peut s\u2019exprimer et \u00eatre entendu. Ensemble, nous explorons ce qui fragilise votre relation, afin de r\u00e9tablir la communication, apaiser les conflits et retrouver une complicit\u00e9 plus vivante et respectueuse.<\/p>\n\n\n\n<p>Cet accompagnement vous aide \u00e0 mieux vous comprendre, \u00e0 vous reconnecter \u00e9motionnellement et \u00e0 redonner du sens \u00e0 votre vie de couple.<\/p>\n\n\n\n<hr class=\"wp-block-separator has-text-color has-alpha-channel-opacity has-background is-style-default\" style=\"margin-top:var(--wp--preset--spacing--40);margin-bottom:var(--wp--preset--spacing--40);background-color:#4e8c82;color:#4e8c82\"\/>\n\n\n\n<h3 class=\"wp-block-heading\"><strong>Conseill\u00e8re conjugale et familiale, sp\u00e9cialiste de la th\u00e9rapie de couple, je vous accueille, vous \u00e9coute, vous accompagne dans un cadre s\u00e9curisant, bienveillant et dans le respect de la confidentialit\u00e9.<\/strong><\/h3>\n\n\n\n<ul style=\"margin-right:0;margin-left:0\" class=\"wp-block-list\">\n<li style=\"margin-left:var(--wp--preset--spacing--20)\">Difficult\u00e9s conjugales \u2013 violences conjugales<\/li>\n\n\n\n<li style=\"margin-left:var(--wp--preset--spacing--20)\">Accompagnement du changement : d\u00e9m\u00e9nagement, expatriation &#8230;<\/li>\n\n\n\n<li style=\"margin-left:var(--wp--preset--spacing--20)\">Probl\u00e8me de communication<\/li>\n\n\n\n<li style=\"margin-left:var(--wp--preset--spacing--20)\">Deuil \u2013 s\u00e9paration<\/li>\n\n\n\n<li style=\"margin-left:var(--wp--preset--spacing--20)\">Famille recompos\u00e9e, famille monoparentale\u2026<\/li>\n\n\n\n<li style=\"margin-left:var(--wp--preset--spacing--20)\">Difficult\u00e9s parentales, amicales ou relationnelles<\/li>\n\n\n\n<li style=\"margin-left:var(--wp--preset--spacing--20)\">Sexualit\u00e9<\/li>\n\n\n\n<li style=\"margin-left:var(--wp--preset--spacing--20)\">Solitude<\/li>\n\n\n\n<li style=\"margin-left:var(--wp--preset--spacing--20)\">Mal-\u00eatre\u2026<\/li>\n<\/ul>\n\n\n\n<hr class=\"wp-block-separator has-text-color has-alpha-channel-opacity has-background\" style=\"background-color:#4e8c82;color:#4e8c82\"\/>\n\n\n\n<p>Je vous re\u00e7ois pour des&nbsp;<a href=\"https:\/\/conseilconjugal.es\/?page_id=424\">consultations<\/a>&nbsp;uniquement sur rendez-vous.<br>Les rendez-vous se prennent par t\u00e9l\u00e9phone \/ <a href=\"https:\/\/wa.me\/34670830448\">WhatsApp<\/a> au 670.830.448 ou par mail :&nbsp;<a href=\"mailto:clairedp.ccf@gmail.com\">clairedp.ccf@gmail.com<\/a><\/p>\n\n\n\n<hr class=\"wp-block-separator has-text-color has-alpha-channel-opacity has-background\" style=\"background-color:#4e8c82;color:#4e8c82\"\/>\n\n\n\n<p class=\"has-text-align-center\">Claire Dubreucq-P\u00e9rus | Conseill\u00e8re Conjugale et Familiale, Th\u00e9rapie de Couple | Barcelone<\/p>\n","protected":false},"excerpt":{"rendered":"<p>Besoin de consulter un professionel du couple ? J\u2019accompagne les couples qui traversent des tensions, des incompr\u00e9hensions ou une perte [&hellip;]<\/p>\n","protected":false},"author":1,"featured_media":0,"parent":0,"menu_order":0,"comment_status":"closed","ping_status":"closed","template":"","meta":{"site-sidebar-layout":"no-sidebar","site-content-layout":"plain-container","ast-site-content-layout":"normal-width-container","site-content-style":"default","site-sidebar-style":"default","ast-global-header-display":"","ast-banner-title-visibility":"","ast-main-header-display":"","ast-hfb-above-header-display":"","ast-hfb-below-header-display":"","ast-hfb-mobile-header-display":"","site-post-title":"disabled","ast-breadcrumbs-content":"","ast-featured-img":"","footer-sml-layout":"","theme-transparent-header-meta":"disabled","adv-header-id-meta":"","stick-header-meta":"enabled","header-above-stick-meta":"","header-main-stick-meta":"disabled","header-below-stick-meta":"","astra-migrate-meta-layouts":"default","ast-page-background-enabled":"default","ast-page-background-meta":{"desktop":{"background-color":"var(--ast-global-color-5)","background-image":"","background-repeat":"repeat","background-position":"center center","background-size":"auto","background-attachment":"scroll","background-type":"","background-media":"","overlay-type":"","overlay-color":"","overlay-opacity":"","overlay-gradient":""},"tablet":{"background-color":"","background-image":"","background-repeat":"repeat","background-position":"center center","background-size":"auto","background-attachment":"scroll","background-type":"","background-media":"","overlay-type":"","overlay-color":"","overlay-opacity":"","overlay-gradient":""},"mobile":{"background-color":"","background-image":"","background-repeat":"repeat","background-position":"center center","background-size":"auto","background-attachment":"scroll","background-type":"","background-media":"","overlay-type":"","overlay-color":"","overlay-opacity":"","overlay-gradient":""}},"ast-content-background-meta":{"desktop":{"background-color":"var(--ast-global-color-4)","background-image":"","background-repeat":"repeat","background-position":"center center","background-size":"auto","background-attachment":"scroll","background-type":"","background-media":"","overlay-type":"","overlay-color":"","overlay-opacity":"","overlay-gradient":""},"tablet":{"background-color":"var(--ast-global-color-4)","background-image":"","background-repeat":"repeat","background-position":"center center","background-size":"auto","background-attachment":"scroll","background-type":"","background-media":"","overlay-type":"","overlay-color":"","overlay-opacity":"","overlay-gradient":""},"mobile":{"background-color":"var(--ast-global-color-4)","background-image":"","background-repeat":"repeat","background-position":"center center","background-size":"auto","background-attachment":"scroll","background-type":"","background-media":"","overlay-type":"","overlay-color":"","overlay-opacity":"","overlay-gradient":""}},"footnotes":""},"class_list":["post-18","page","type-page","status-publish","hentry"],"_links":{"self":[{"href":"https:\/\/conseilconjugal.es\/index.php?rest_route=\/wp\/v2\/pages\/18","targetHints":{"allow":["GET"]}}],"collection":[{"href":"https:\/\/conseilconjugal.es\/index.php?rest_route=\/wp\/v2\/pages"}],"about":[{"href":"https:\/\/conseilconjugal.es\/index.php?rest_route=\/wp\/v2\/types\/page"}],"author":[{"embeddable":true,"href":"https:\/\/conseilconjugal.es\/index.php?rest_route=\/wp\/v2\/users\/1"}],"replies":[{"embeddable":true,"href":"https:\/\/conseilconjugal.es\/index.php?rest_route=%2Fwp%2Fv2%2Fcomments&post=18"}],"version-history":[{"count":48,"href":"https:\/\/conseilconjugal.es\/index.php?rest_route=\/wp\/v2\/pages\/18\/revisions"}],"predecessor-version":[{"id":507,"href":"https:\/\/conseilconjugal.es\/index.php?rest_route=\/wp\/v2\/pages\/18\/revisions\/507"}],"wp:attachment":[{"href":"https:\/\/conseilconjugal.es\/index.php?rest_route=%2Fwp%2Fv2%2Fmedia&parent=18"}],"curies":[{"name":"wp","href":"https:\/\/api.w.org\/{rel}","templated":true}]}}